{"id":1414,"date":"2016-02-12T07:54:41","date_gmt":"2016-02-12T07:54:41","guid":{"rendered":"http:\/\/demos.famethemes.com\/onepress\/?page_id=4"},"modified":"2022-04-07T18:49:56","modified_gmt":"2022-04-07T16:49:56","slug":"domov","status":"publish","type":"page","link":"https:\/\/www.ak-ivkosice.sk\/","title":{"rendered":"Domov"},"content":{"rendered":"","protected":false},"excerpt":{"rendered":"","protected":false},"author":2,"featured_media":0,"parent":0,"menu_order":0,"comment_status":"closed","ping_status":"closed","template":"template-frontpage.php","meta":{"_monsterinsights_skip_tracking":false,"_monsterinsights_sitenote_active":false,"_monsterinsights_sitenote_note":"","_monsterinsights_sitenote_category":0,"footnotes":""},"class_list":["post-1414","page","type-page","status-publish","hentry"],"yoast_head":"<!-- This site is optimized with the Yoast SEO plugin v26.2 - https:\/\/yoast.com\/wordpress\/plugins\/seo\/ -->\n<title>Domov - JUDr. Ivan Vanko<\/title>\n<meta name=\"description\" content=\"Pr\u00e1vne slu\u017eby ako advok\u00e1t poskytujem 18 rokov. V pr\u00e1vnej praxi p\u00f4sob\u00edm vy\u0161e 45 rokov.\" \/>\n<meta name=\"robots\" content=\"index, follow, max-snippet:-1, max-image-preview:large, max-video-preview:-1\" \/>\n<link rel=\"canonical\" href=\"https:\/\/www.ak-ivkosice.sk\/\" \/>\n<meta property=\"og:locale\" content=\"sk_SK\" \/>\n<meta property=\"og:type\" content=\"article\" \/>\n<meta property=\"og:title\" content=\"Domov - JUDr. Ivan Vanko\" \/>\n<meta property=\"og:description\" content=\"Pr\u00e1vne slu\u017eby ako advok\u00e1t poskytujem 18 rokov. V pr\u00e1vnej praxi p\u00f4sob\u00edm vy\u0161e 45 rokov.\" \/>\n<meta property=\"og:url\" content=\"https:\/\/www.ak-ivkosice.sk\/\" \/>\n<meta property=\"og:site_name\" content=\"JUDr. Ivan Vanko\" \/>\n<meta property=\"article:modified_time\" content=\"2022-04-07T16:49:56+00:00\" \/>\n<meta name=\"twitter:card\" content=\"summary_large_image\" \/>\n<script type=\"application\/ld+json\" class=\"yoast-schema-graph\">{\"@context\":\"https:\/\/schema.org\",\"@graph\":[{\"@type\":\"WebPage\",\"@id\":\"https:\/\/www.ak-ivkosice.sk\/\",\"url\":\"https:\/\/www.ak-ivkosice.sk\/\",\"name\":\"Domov - JUDr. Ivan Vanko\",\"isPartOf\":{\"@id\":\"https:\/\/www.ak-ivkosice.sk\/#website\"},\"datePublished\":\"2016-02-12T07:54:41+00:00\",\"dateModified\":\"2022-04-07T16:49:56+00:00\",\"description\":\"Pr\u00e1vne slu\u017eby ako advok\u00e1t poskytujem 18 rokov. V pr\u00e1vnej praxi p\u00f4sob\u00edm vy\u0161e 45 rokov.\",\"breadcrumb\":{\"@id\":\"https:\/\/www.ak-ivkosice.sk\/#breadcrumb\"},\"inLanguage\":\"sk-SK\",\"potentialAction\":[{\"@type\":\"ReadAction\",\"target\":[\"https:\/\/www.ak-ivkosice.sk\/\"]}]},{\"@type\":\"BreadcrumbList\",\"@id\":\"https:\/\/www.ak-ivkosice.sk\/#breadcrumb\",\"itemListElement\":[{\"@type\":\"ListItem\",\"position\":1,\"name\":\"Domovsk\u00e1 str\u00e1nka\",\"item\":\"https:\/\/www.ak-ivkosice.sk\/\"},{\"@type\":\"ListItem\",\"position\":2,\"name\":\"Domov\"}]},{\"@type\":\"WebSite\",\"@id\":\"https:\/\/www.ak-ivkosice.sk\/#website\",\"url\":\"https:\/\/www.ak-ivkosice.sk\/\",\"name\":\"JUDr. Ivan Vanko\",\"description\":\"50 YEARS OF EXPERIENCE\",\"publisher\":{\"@id\":\"https:\/\/www.ak-ivkosice.sk\/#organization\"},\"potentialAction\":[{\"@type\":\"SearchAction\",\"target\":{\"@type\":\"EntryPoint\",\"urlTemplate\":\"https:\/\/www.ak-ivkosice.sk\/?s={search_term_string}\"},\"query-input\":{\"@type\":\"PropertyValueSpecification\",\"valueRequired\":true,\"valueName\":\"search_term_string\"}}],\"inLanguage\":\"sk-SK\"},{\"@type\":\"Organization\",\"@id\":\"https:\/\/www.ak-ivkosice.sk\/#organization\",\"name\":\"JUDr. Ivan Vanko\",\"url\":\"https:\/\/www.ak-ivkosice.sk\/\",\"logo\":{\"@type\":\"ImageObject\",\"inLanguage\":\"sk-SK\",\"@id\":\"https:\/\/www.ak-ivkosice.sk\/#\/schema\/logo\/image\/\",\"url\":\"https:\/\/www.ak-ivkosice.sk\/wp-content\/uploads\/2020\/12\/cropped-imgonline-com-ua-Transparent-background-6Y2y42SQgxkAHD8-e1586862593837.png\",\"contentUrl\":\"https:\/\/www.ak-ivkosice.sk\/wp-content\/uploads\/2020\/12\/cropped-imgonline-com-ua-Transparent-background-6Y2y42SQgxkAHD8-e1586862593837.png\",\"width\":80,\"height\":82,\"caption\":\"JUDr. Ivan Vanko\"},\"image\":{\"@id\":\"https:\/\/www.ak-ivkosice.sk\/#\/schema\/logo\/image\/\"}}]}<\/script>\n<!-- \/ Yoast SEO plugin. -->","yoast_head_json":{"title":"Domov - JUDr. Ivan Vanko","description":"Pr\u00e1vne slu\u017eby ako advok\u00e1t poskytujem 18 rokov. V pr\u00e1vnej praxi p\u00f4sob\u00edm vy\u0161e 45 rokov.","robots":{"index":"index","follow":"follow","max-snippet":"max-snippet:-1","max-image-preview":"max-image-preview:large","max-video-preview":"max-video-preview:-1"},"canonical":"https:\/\/www.ak-ivkosice.sk\/","og_locale":"sk_SK","og_type":"article","og_title":"Domov - JUDr. Ivan Vanko","og_description":"Pr\u00e1vne slu\u017eby ako advok\u00e1t poskytujem 18 rokov. V pr\u00e1vnej praxi p\u00f4sob\u00edm vy\u0161e 45 rokov.","og_url":"https:\/\/www.ak-ivkosice.sk\/","og_site_name":"JUDr. Ivan Vanko","article_modified_time":"2022-04-07T16:49:56+00:00","twitter_card":"summary_large_image","schema":{"@context":"https:\/\/schema.org","@graph":[{"@type":"WebPage","@id":"https:\/\/www.ak-ivkosice.sk\/","url":"https:\/\/www.ak-ivkosice.sk\/","name":"Domov - JUDr. Ivan Vanko","isPartOf":{"@id":"https:\/\/www.ak-ivkosice.sk\/#website"},"datePublished":"2016-02-12T07:54:41+00:00","dateModified":"2022-04-07T16:49:56+00:00","description":"Pr\u00e1vne slu\u017eby ako advok\u00e1t poskytujem 18 rokov. V pr\u00e1vnej praxi p\u00f4sob\u00edm vy\u0161e 45 rokov.","breadcrumb":{"@id":"https:\/\/www.ak-ivkosice.sk\/#breadcrumb"},"inLanguage":"sk-SK","potentialAction":[{"@type":"ReadAction","target":["https:\/\/www.ak-ivkosice.sk\/"]}]},{"@type":"BreadcrumbList","@id":"https:\/\/www.ak-ivkosice.sk\/#breadcrumb","itemListElement":[{"@type":"ListItem","position":1,"name":"Domovsk\u00e1 str\u00e1nka","item":"https:\/\/www.ak-ivkosice.sk\/"},{"@type":"ListItem","position":2,"name":"Domov"}]},{"@type":"WebSite","@id":"https:\/\/www.ak-ivkosice.sk\/#website","url":"https:\/\/www.ak-ivkosice.sk\/","name":"JUDr. Ivan Vanko","description":"50 YEARS OF EXPERIENCE","publisher":{"@id":"https:\/\/www.ak-ivkosice.sk\/#organization"},"potentialAction":[{"@type":"SearchAction","target":{"@type":"EntryPoint","urlTemplate":"https:\/\/www.ak-ivkosice.sk\/?s={search_term_string}"},"query-input":{"@type":"PropertyValueSpecification","valueRequired":true,"valueName":"search_term_string"}}],"inLanguage":"sk-SK"},{"@type":"Organization","@id":"https:\/\/www.ak-ivkosice.sk\/#organization","name":"JUDr. Ivan Vanko","url":"https:\/\/www.ak-ivkosice.sk\/","logo":{"@type":"ImageObject","inLanguage":"sk-SK","@id":"https:\/\/www.ak-ivkosice.sk\/#\/schema\/logo\/image\/","url":"https:\/\/www.ak-ivkosice.sk\/wp-content\/uploads\/2020\/12\/cropped-imgonline-com-ua-Transparent-background-6Y2y42SQgxkAHD8-e1586862593837.png","contentUrl":"https:\/\/www.ak-ivkosice.sk\/wp-content\/uploads\/2020\/12\/cropped-imgonline-com-ua-Transparent-background-6Y2y42SQgxkAHD8-e1586862593837.png","width":80,"height":82,"caption":"JUDr. Ivan Vanko"},"image":{"@id":"https:\/\/www.ak-ivkosice.sk\/#\/schema\/logo\/image\/"}}]}},"_links":{"self":[{"href":"https:\/\/www.ak-ivkosice.sk\/index.php\/wp-json\/wp\/v2\/pages\/1414","targetHints":{"allow":["GET"]}}],"collection":[{"href":"https:\/\/www.ak-ivkosice.sk\/index.php\/wp-json\/wp\/v2\/pages"}],"about":[{"href":"https:\/\/www.ak-ivkosice.sk\/index.php\/wp-json\/wp\/v2\/types\/page"}],"author":[{"embeddable":true,"href":"https:\/\/www.ak-ivkosice.sk\/index.php\/wp-json\/wp\/v2\/users\/2"}],"replies":[{"embeddable":true,"href":"https:\/\/www.ak-ivkosice.sk\/index.php\/wp-json\/wp\/v2\/comments?post=1414"}],"version-history":[{"count":2,"href":"https:\/\/www.ak-ivkosice.sk\/index.php\/wp-json\/wp\/v2\/pages\/1414\/revisions"}],"predecessor-version":[{"id":1596,"href":"https:\/\/www.ak-ivkosice.sk\/index.php\/wp-json\/wp\/v2\/pages\/1414\/revisions\/1596"}],"wp:attachment":[{"href":"https:\/\/www.ak-ivkosice.sk\/index.php\/wp-json\/wp\/v2\/media?parent=1414"}],"curies":[{"name":"wp","href":"https:\/\/api.w.org\/{rel}","templated":true}]}}