{"id":1460,"date":"2020-12-05T13:17:39","date_gmt":"2020-12-05T12:17:39","guid":{"rendered":"https:\/\/www.ak-ivkosice.sk\/?page_id=1460"},"modified":"2025-07-10T18:27:54","modified_gmt":"2025-07-10T16:27:54","slug":"sluzby","status":"publish","type":"page","link":"https:\/\/www.ak-ivkosice.sk\/index.php\/sluzby\/","title":{"rendered":"Slu\u017eby"},"content":{"rendered":"\n<p>Pr\u00e1vny servis pon\u00fakam fyzick\u00fdm osob\u00e1m, &nbsp;fyzick\u00fdm osob\u00e1m \u2013 podnikate\u013eom, obchodn\u00fdm spolo\u010dnostiam,<br>ako aj klientom, ktor\u00fdch z\u00e1ujmy vy\u017eaduj\u00fa ochranu v oblasti osobn\u00fdch, rodinn\u00fdch alebo majetkov\u00fdch vec\u00ed<br>i verejn\u00fdch, vznikaj\u00facich z&nbsp;r\u00f4znorod\u00fdch situ\u00e1cii v be\u017enom \u017eivote.<\/p>\n\n\n\n<h3 class=\"wp-block-heading\">Pon\u00fakam pr\u00e1vne slu\u017eby v&nbsp;oblastiach :<\/h3>\n\n\n\n<h4 class=\"wp-block-heading\"><strong>\u2022 trestn\u00e9ho pr\u00e1va<\/strong><\/h4>\n\n\n\n<p>\u2013 &nbsp;pr\u00e1vne zast\u00fapenie ob\u010danov v&nbsp;konan\u00ed pred \u0161t\u00e1tnymi org\u00e1nmi&nbsp;&nbsp;(\u010cl\u00e1nok 47 ods. 2 \u00dastavy SR)<br>\u2013 &nbsp;obhajoba od za\u010datia trestn\u00e9ho konania do ukon\u010denia konania na s\u00fade,<br>\u2013 &nbsp;zastupovanie po\u0161koden\u00fdch v&nbsp;adh\u00e9znom konan\u00ed, iniciovanie mimos\u00fadneho&nbsp;ukon\u010denia konania<br>\u2013 &nbsp;zastupovanie po ukon\u010den\u00ed trestn\u00e9ho konania, vykon\u00e1vacie konanie, spracovanie&nbsp;n\u00e1vrhov,<br>&nbsp;&nbsp;&nbsp; \u017eiadost\u00ed&nbsp;zastupovanie v&nbsp;konan\u00ed o&nbsp;podmiene\u010dn\u00e9 prepustenie z&nbsp;v\u00fdkonu&nbsp;trestu od\u0148atia slobody,<br>&nbsp;&nbsp;&nbsp; odpustenie zvy\u0161ku trestu z\u00e1kazu \u010dinnosti<\/p>\n\n\n\n<h4 class=\"wp-block-heading\"><strong>\u2022 spr\u00e1vneho pr\u00e1va a&nbsp;spr\u00e1vneho s\u00fadnictva<\/strong><\/h4>\n\n\n\n<p>\u2013 &nbsp;zastupovanie v&nbsp;konan\u00ed pred \u0161t\u00e1tnymi org\u00e1nmi v&nbsp;konkr\u00e9tnych veciach<br>\u2013 &nbsp;vypracovanie pr\u00e1vnych anal\u00fdz pred podan\u00edm spr\u00e1vnej \u017ealoby<br>\u2013 &nbsp;zastupovanie v&nbsp;konan\u00ed pred spr\u00e1vnym s\u00fadom a&nbsp;org\u00e1nmi \u0161t\u00e1tnej spr\u00e1vy<\/p>\n\n\n\n<h4 class=\"wp-block-heading\"><strong>\u2022 ob\u010diansk\u00e9ho pr\u00e1va a rodinn\u00e9ho pr\u00e1va<\/strong><\/h4>\n\n\n\n<p>\u2013 \u00a0vypracovanie zml\u00fav, stanov\u00edsk a\u00a0zastupovanie klientov v\u00a0preds\u00fadnych konaniach<br>\u2013 \u00a0vypracovanie \u017eal\u00f4b, n\u00e1vrhov na rozvod man\u017eelstva, zastupovanie klientov pred s\u00fadmi a\u00a0\u0161t\u00e1tnymi org\u00e1nmi<br>\u2013 \u00a0zastupovanie v\u00a0katastr\u00e1lnom konan\u00ed<br>\u2013 \u00a0poradenstvo pri vypracovan\u00ed n\u00e1vrhov na zriadenie vecn\u00fdch bremien a\u00a0z\u00e1lo\u017en\u00fdch \u00a0pr\u00e1v,<\/p>\n\n\n\n<h4 class=\"wp-block-heading\"><strong>\u2022 komun\u00e1lneho &nbsp;pr\u00e1va<\/strong><\/h4>\n\n\n\n<p>\u2013 \u00a0pr\u00e1vne slu\u017eby obciam a\u00a0mestsk\u00fdm \u010dastiam, zastupovanie v\u00a0s\u00fadnych a\u00a0in\u00fdch konaniach pred org\u00e1nmi verejnej moci<br>\u2013 \u00a0slu\u017eby spojen\u00e9 s\u00a0anal\u00fdzou noriem vydan\u00fdch samospr\u00e1vou, vypracovanie stanov\u00edsk a\u00a0postupov v\u00a0konan\u00ed po proteste prokur\u00e1tora,<br>\u2013 \u00a0zastupovanie fyzick\u00fdch a\u00a0pr\u00e1vnick\u00fdch os\u00f4b v\u00a0konaniach pred s\u00fadmi a\u00a0org\u00e1nmi \u0161t\u00e1tnej a\u00a0verejnej spr\u00e1vy<br>\u2013 \u00a0vypracovania pr\u00e1vnych anal\u00fdz<\/p>\n\n\n\n<h4 class=\"wp-block-heading\"><strong>\u2022 jednorazov\u00fdch &nbsp;(bezplatn\u00fdch) konzult\u00e1ci\u00ed &nbsp;pred rozhodnut\u00edm o prevzat\u00ed veci<\/strong><\/h4>\n\n\n\n<p>V&nbsp;pr\u00edstupe ku klientom kladiem d\u00f4raz na&nbsp;<strong>osobn\u00fd pr\u00edstup, &nbsp;diskr\u00e9tnos\u0165&nbsp;a&nbsp;efekt\u00edvne rie\u0161enie&nbsp;probl\u00e9mov<\/strong>, pri\u010dom vych\u00e1dzame z d\u00f4kladnej znalosti pr\u00e1vnych predpisov, judikat\u00fary s\u00fadov i &nbsp;<strong>dlhoro\u010dn\u00fdch &nbsp;sk\u00fasenost\u00ed &nbsp;z&nbsp; doteraj\u0161ej &nbsp;praxe<\/strong>. V&nbsp;z\u00e1ujme rie\u0161enia probl\u00e9mov na\u0161ich klientov pon\u00fakame \u010dasov\u00fa flexibilitu \u2013 na z\u00e1klade dohody (telefonicky alebo e-mailom) je mo\u017en\u00e9 realizova\u0165 poradu aj mimo be\u017en\u00fdch pracovn\u00fdch hod\u00edn a dn\u00ed.<\/p>\n\n\n\n<p>Pri poskytovan\u00ed pr\u00e1vnych slu\u017eieb pou\u017e\u00edvam modern\u00fa techniku a&nbsp;v\u0161etku dostupn\u00fa odborn\u00fa literat\u00faru, judikat\u00faru s\u00fadov Slovenskej republiky, Najvy\u0161\u0161ieho s\u00fadu SR a&nbsp;n\u00e1lezy \u00dastavn\u00e9ho s\u00fadu SR, ako aj pr\u00e1vneho poriadku Eur\u00f3pskej \u00fanie.<\/p>\n","protected":false},"excerpt":{"rendered":"<p>Pr\u00e1vny servis pon\u00fakam fyzick\u00fdm osob\u00e1m, &nbsp;fyzick\u00fdm osob\u00e1m \u2013 podnikate\u013eom, obchodn\u00fdm spolo\u010dnostiam,ako aj klientom, ktor\u00fdch z\u00e1ujmy vy\u017eaduj\u00fa ochranu v oblasti osobn\u00fdch, rodinn\u00fdch alebo majetkov\u00fdch vec\u00edi verejn\u00fdch, vznikaj\u00facich z&nbsp;r\u00f4znorod\u00fdch situ\u00e1cii v be\u017enom &#8230;<\/p>\n","protected":false},"author":1,"featured_media":0,"parent":0,"menu_order":0,"comment_status":"closed","ping_status":"closed","template":"template-fullwidth.php","meta":{"_monsterinsights_skip_tracking":false,"_monsterinsights_sitenote_active":false,"_monsterinsights_sitenote_note":"","_monsterinsights_sitenote_category":0,"footnotes":""},"class_list":["post-1460","page","type-page","status-publish","hentry"],"yoast_head":"<!-- This site is optimized with the Yoast SEO plugin v26.2 - https:\/\/yoast.com\/wordpress\/plugins\/seo\/ -->\n<title>Slu\u017eby - JUDr. Ivan Vanko<\/title>\n<meta name=\"robots\" content=\"index, follow, max-snippet:-1, max-image-preview:large, max-video-preview:-1\" \/>\n<link rel=\"canonical\" href=\"https:\/\/www.ak-ivkosice.sk\/index.php\/sluzby\/\" \/>\n<meta property=\"og:locale\" content=\"sk_SK\" \/>\n<meta property=\"og:type\" content=\"article\" \/>\n<meta property=\"og:title\" content=\"Slu\u017eby - JUDr. Ivan Vanko\" \/>\n<meta property=\"og:description\" content=\"Pr\u00e1vny servis pon\u00fakam fyzick\u00fdm osob\u00e1m, &nbsp;fyzick\u00fdm osob\u00e1m \u2013 podnikate\u013eom, obchodn\u00fdm spolo\u010dnostiam,ako aj klientom, ktor\u00fdch z\u00e1ujmy vy\u017eaduj\u00fa ochranu v oblasti osobn\u00fdch, rodinn\u00fdch alebo majetkov\u00fdch vec\u00edi verejn\u00fdch, vznikaj\u00facich z&nbsp;r\u00f4znorod\u00fdch situ\u00e1cii v be\u017enom ...\" \/>\n<meta property=\"og:url\" content=\"https:\/\/www.ak-ivkosice.sk\/index.php\/sluzby\/\" \/>\n<meta property=\"og:site_name\" content=\"JUDr. Ivan Vanko\" \/>\n<meta property=\"article:modified_time\" content=\"2025-07-10T16:27:54+00:00\" \/>\n<meta name=\"twitter:card\" content=\"summary_large_image\" \/>\n<meta name=\"twitter:label1\" content=\"Predpokladan\u00fd \u010das \u010d\u00edtania\" \/>\n\t<meta name=\"twitter:data1\" content=\"2 min\u00faty\" \/>\n<script type=\"application\/ld+json\" class=\"yoast-schema-graph\">{\"@context\":\"https:\/\/schema.org\",\"@graph\":[{\"@type\":\"WebPage\",\"@id\":\"https:\/\/www.ak-ivkosice.sk\/index.php\/sluzby\/\",\"url\":\"https:\/\/www.ak-ivkosice.sk\/index.php\/sluzby\/\",\"name\":\"Slu\u017eby - JUDr. Ivan Vanko\",\"isPartOf\":{\"@id\":\"https:\/\/www.ak-ivkosice.sk\/#website\"},\"datePublished\":\"2020-12-05T12:17:39+00:00\",\"dateModified\":\"2025-07-10T16:27:54+00:00\",\"breadcrumb\":{\"@id\":\"https:\/\/www.ak-ivkosice.sk\/index.php\/sluzby\/#breadcrumb\"},\"inLanguage\":\"sk-SK\",\"potentialAction\":[{\"@type\":\"ReadAction\",\"target\":[\"https:\/\/www.ak-ivkosice.sk\/index.php\/sluzby\/\"]}]},{\"@type\":\"BreadcrumbList\",\"@id\":\"https:\/\/www.ak-ivkosice.sk\/index.php\/sluzby\/#breadcrumb\",\"itemListElement\":[{\"@type\":\"ListItem\",\"position\":1,\"name\":\"Domovsk\u00e1 str\u00e1nka\",\"item\":\"https:\/\/www.ak-ivkosice.sk\/\"},{\"@type\":\"ListItem\",\"position\":2,\"name\":\"Slu\u017eby\"}]},{\"@type\":\"WebSite\",\"@id\":\"https:\/\/www.ak-ivkosice.sk\/#website\",\"url\":\"https:\/\/www.ak-ivkosice.sk\/\",\"name\":\"JUDr. Ivan Vanko\",\"description\":\"50 YEARS OF EXPERIENCE\",\"publisher\":{\"@id\":\"https:\/\/www.ak-ivkosice.sk\/#organization\"},\"potentialAction\":[{\"@type\":\"SearchAction\",\"target\":{\"@type\":\"EntryPoint\",\"urlTemplate\":\"https:\/\/www.ak-ivkosice.sk\/?s={search_term_string}\"},\"query-input\":{\"@type\":\"PropertyValueSpecification\",\"valueRequired\":true,\"valueName\":\"search_term_string\"}}],\"inLanguage\":\"sk-SK\"},{\"@type\":\"Organization\",\"@id\":\"https:\/\/www.ak-ivkosice.sk\/#organization\",\"name\":\"JUDr. Ivan Vanko\",\"url\":\"https:\/\/www.ak-ivkosice.sk\/\",\"logo\":{\"@type\":\"ImageObject\",\"inLanguage\":\"sk-SK\",\"@id\":\"https:\/\/www.ak-ivkosice.sk\/#\/schema\/logo\/image\/\",\"url\":\"https:\/\/www.ak-ivkosice.sk\/wp-content\/uploads\/2020\/12\/cropped-imgonline-com-ua-Transparent-background-6Y2y42SQgxkAHD8-e1586862593837.png\",\"contentUrl\":\"https:\/\/www.ak-ivkosice.sk\/wp-content\/uploads\/2020\/12\/cropped-imgonline-com-ua-Transparent-background-6Y2y42SQgxkAHD8-e1586862593837.png\",\"width\":80,\"height\":82,\"caption\":\"JUDr. Ivan Vanko\"},\"image\":{\"@id\":\"https:\/\/www.ak-ivkosice.sk\/#\/schema\/logo\/image\/\"}}]}<\/script>\n<!-- \/ Yoast SEO plugin. -->","yoast_head_json":{"title":"Slu\u017eby - JUDr. Ivan Vanko","robots":{"index":"index","follow":"follow","max-snippet":"max-snippet:-1","max-image-preview":"max-image-preview:large","max-video-preview":"max-video-preview:-1"},"canonical":"https:\/\/www.ak-ivkosice.sk\/index.php\/sluzby\/","og_locale":"sk_SK","og_type":"article","og_title":"Slu\u017eby - JUDr. Ivan Vanko","og_description":"Pr\u00e1vny servis pon\u00fakam fyzick\u00fdm osob\u00e1m, &nbsp;fyzick\u00fdm osob\u00e1m \u2013 podnikate\u013eom, obchodn\u00fdm spolo\u010dnostiam,ako aj klientom, ktor\u00fdch z\u00e1ujmy vy\u017eaduj\u00fa ochranu v oblasti osobn\u00fdch, rodinn\u00fdch alebo majetkov\u00fdch vec\u00edi verejn\u00fdch, vznikaj\u00facich z&nbsp;r\u00f4znorod\u00fdch situ\u00e1cii v be\u017enom ...","og_url":"https:\/\/www.ak-ivkosice.sk\/index.php\/sluzby\/","og_site_name":"JUDr. Ivan Vanko","article_modified_time":"2025-07-10T16:27:54+00:00","twitter_card":"summary_large_image","twitter_misc":{"Predpokladan\u00fd \u010das \u010d\u00edtania":"2 min\u00faty"},"schema":{"@context":"https:\/\/schema.org","@graph":[{"@type":"WebPage","@id":"https:\/\/www.ak-ivkosice.sk\/index.php\/sluzby\/","url":"https:\/\/www.ak-ivkosice.sk\/index.php\/sluzby\/","name":"Slu\u017eby - JUDr. Ivan Vanko","isPartOf":{"@id":"https:\/\/www.ak-ivkosice.sk\/#website"},"datePublished":"2020-12-05T12:17:39+00:00","dateModified":"2025-07-10T16:27:54+00:00","breadcrumb":{"@id":"https:\/\/www.ak-ivkosice.sk\/index.php\/sluzby\/#breadcrumb"},"inLanguage":"sk-SK","potentialAction":[{"@type":"ReadAction","target":["https:\/\/www.ak-ivkosice.sk\/index.php\/sluzby\/"]}]},{"@type":"BreadcrumbList","@id":"https:\/\/www.ak-ivkosice.sk\/index.php\/sluzby\/#breadcrumb","itemListElement":[{"@type":"ListItem","position":1,"name":"Domovsk\u00e1 str\u00e1nka","item":"https:\/\/www.ak-ivkosice.sk\/"},{"@type":"ListItem","position":2,"name":"Slu\u017eby"}]},{"@type":"WebSite","@id":"https:\/\/www.ak-ivkosice.sk\/#website","url":"https:\/\/www.ak-ivkosice.sk\/","name":"JUDr. Ivan Vanko","description":"50 YEARS OF EXPERIENCE","publisher":{"@id":"https:\/\/www.ak-ivkosice.sk\/#organization"},"potentialAction":[{"@type":"SearchAction","target":{"@type":"EntryPoint","urlTemplate":"https:\/\/www.ak-ivkosice.sk\/?s={search_term_string}"},"query-input":{"@type":"PropertyValueSpecification","valueRequired":true,"valueName":"search_term_string"}}],"inLanguage":"sk-SK"},{"@type":"Organization","@id":"https:\/\/www.ak-ivkosice.sk\/#organization","name":"JUDr. Ivan Vanko","url":"https:\/\/www.ak-ivkosice.sk\/","logo":{"@type":"ImageObject","inLanguage":"sk-SK","@id":"https:\/\/www.ak-ivkosice.sk\/#\/schema\/logo\/image\/","url":"https:\/\/www.ak-ivkosice.sk\/wp-content\/uploads\/2020\/12\/cropped-imgonline-com-ua-Transparent-background-6Y2y42SQgxkAHD8-e1586862593837.png","contentUrl":"https:\/\/www.ak-ivkosice.sk\/wp-content\/uploads\/2020\/12\/cropped-imgonline-com-ua-Transparent-background-6Y2y42SQgxkAHD8-e1586862593837.png","width":80,"height":82,"caption":"JUDr. Ivan Vanko"},"image":{"@id":"https:\/\/www.ak-ivkosice.sk\/#\/schema\/logo\/image\/"}}]}},"_links":{"self":[{"href":"https:\/\/www.ak-ivkosice.sk\/index.php\/wp-json\/wp\/v2\/pages\/1460","targetHints":{"allow":["GET"]}}],"collection":[{"href":"https:\/\/www.ak-ivkosice.sk\/index.php\/wp-json\/wp\/v2\/pages"}],"about":[{"href":"https:\/\/www.ak-ivkosice.sk\/index.php\/wp-json\/wp\/v2\/types\/page"}],"author":[{"embeddable":true,"href":"https:\/\/www.ak-ivkosice.sk\/index.php\/wp-json\/wp\/v2\/users\/1"}],"replies":[{"embeddable":true,"href":"https:\/\/www.ak-ivkosice.sk\/index.php\/wp-json\/wp\/v2\/comments?post=1460"}],"version-history":[{"count":6,"href":"https:\/\/www.ak-ivkosice.sk\/index.php\/wp-json\/wp\/v2\/pages\/1460\/revisions"}],"predecessor-version":[{"id":1703,"href":"https:\/\/www.ak-ivkosice.sk\/index.php\/wp-json\/wp\/v2\/pages\/1460\/revisions\/1703"}],"wp:attachment":[{"href":"https:\/\/www.ak-ivkosice.sk\/index.php\/wp-json\/wp\/v2\/media?parent=1460"}],"curies":[{"name":"wp","href":"https:\/\/api.w.org\/{rel}","templated":true}]}}