{"id":1466,"date":"2020-12-05T13:21:00","date_gmt":"2020-12-05T12:21:00","guid":{"rendered":"https:\/\/www.ak-ivkosice.sk\/?page_id=1466"},"modified":"2020-12-05T13:26:48","modified_gmt":"2020-12-05T12:26:48","slug":"media-referencie","status":"publish","type":"page","link":"https:\/\/www.ak-ivkosice.sk\/index.php\/media-referencie\/","title":{"rendered":"M\u00c9DI\u00c1 \/ REFERENCIE"},"content":{"rendered":"\n<p><a href=\"https:\/\/www.etrend.sk\/clanky-autora\/1070-ivan-vanko.html\">https:\/\/www.etrend.sk\/clanky-autora\/1070-ivan-vanko.html<\/a><\/p>\n\n\n\n<p><a href=\"https:\/\/web.archive.org\/web\/20200808195452\/http:\/\/www.epi.sk\/odborny-clanok\/Sme-pripraveni-na-kontradiktornost-konania.htm\">www.epi.sk\/odborny-clanok\/Sme-pripraveni-na-kontradiktornost-konania.htm<\/a><\/p>\n\n\n\n<p><a href=\"https:\/\/korzar.sme.sk\/c\/4713298\/aj-napriek-tomu-ze-su-svagrovia-maju-primator-trebula-a-prokurator-vanko-opacny-nazor.html\">https:\/\/korzar.sme.sk\/c\/4713298\/aj-napriek-tomu-ze-su-svagrovia-maju-primator-trebula-a-prokurator-vanko-opacny-nazor.html<\/a><\/p>\n\n\n\n<p><a href=\"https:\/\/kosice.korzar.sme.sk\/c\/4631620\/prokurator-vanko-nariadili-sme-vysetrovanie-pridelovania-bytov-justicnej-policii.html\">https:\/\/kosice.korzar.sme.sk\/c\/4631620\/prokurator-vanko-nariadili-sme-vysetrovanie-pridelovania-bytov-justicnej-policii.html<\/a><\/p>\n\n\n\n<p><a href=\"https:\/\/domov.sme.sk\/c\/92542\/starostovi-kosickeho-romskeho-sidliska-lunik-9-musia-umoznit-nastupit-do-uradu.html\">https:\/\/domov.sme.sk\/c\/92542\/starostovi-kosickeho-romskeho-sidliska-lunik-9-musia-umoznit-nastupit-do-uradu.html<\/a><\/p>\n\n\n\n<p><a href=\"https:\/\/sport.sme.sk\/c\/657884\/manazera-futbalistov-1-fc-budu-stihat-na-slobode.html\">https:\/\/sport.sme.sk\/c\/657884\/manazera-futbalistov-1-fc-budu-stihat-na-slobode.html<\/a><\/p>\n\n\n\n<p><a href=\"https:\/\/kosice.korzar.sme.sk\/c\/4612200\/sudca-rozhodol-o-prepusteni-jozefa-majskeho-na-slobodu.html\">https:\/\/kosice.korzar.sme.sk\/c\/4612200\/sudca-rozhodol-o-prepusteni-jozefa-majskeho-na-slobodu.html<\/a><\/p>\n\n\n\n<p><a href=\"https:\/\/kosice.korzar.sme.sk\/c\/4613054\/judr-ivan-vanko-ktory-oslavil-v-tychto-dnoch-svoje-abrahamoviny-povazuje-za-osobnu-prehru-zasahovanie-vladnej-moci-do-prace-p.html\">https:\/\/kosice.korzar.sme.sk\/c\/4613054\/judr-ivan-vanko-ktory-oslavil-v-tychto-dnoch-svoje-abrahamoviny-povazuje-za-osobnu-prehru-zasahovanie-vladnej-moci-do-prace-p.html<\/a><\/p>\n\n\n\n<p><a href=\"https:\/\/kosice.korzar.sme.sk\/c\/4611907\/rebel-ivan-vanko-odchadza-zo-sluzieb-prokuratury-do-advokacie.html\">https:\/\/kosice.korzar.sme.sk\/c\/4611907\/rebel-ivan-vanko-odchadza-zo-sluzieb-prokuratury-do-advokacie.html<\/a><\/p>\n\n\n\n<p><a href=\"https:\/\/kosice.korzar.sme.sk\/c\/20375091\/na-svadbu-advokata-sa-priplietol-aj-prezident.html\">https:\/\/kosice.korzar.sme.sk\/c\/20375091\/na-svadbu-advokata-sa-priplietol-aj-prezident.html<\/a><\/p>\n\n\n\n<p><a href=\"https:\/\/korzar.sme.sk\/c\/4628468\/znami-ludia-jednoducho-na-plesy-chodit-musia.html\">https:\/\/korzar.sme.sk\/c\/4628468\/znami-ludia-jednoducho-na-plesy-chodit-musia.html<\/a><\/p>\n\n\n\n<p><a href=\"https:\/\/kosice.korzar.sme.sk\/c\/6851082\/x-pre-advokata-vanka-su-paragrafy-konickom.html\">https:\/\/kosice.korzar.sme.sk\/c\/6851082\/x-pre-advokata-vanka-su-paragrafy-konickom.html<\/a><\/p>\n\n\n\n<p><a href=\"https:\/\/korzar.sme.sk\/c\/4671204\/tvrdia-ze-rozsudok-nema-oporu-v-dokazoch-povazuju-ho-za-nespravny-a-nezakonny.html\">https:\/\/korzar.sme.sk\/c\/4671204\/tvrdia-ze-rozsudok-nema-oporu-v-dokazoch-povazuju-ho-za-nespravny-a-nezakonny.html<\/a><\/p>\n\n\n\n<p><a href=\"https:\/\/domov.sme.sk\/c\/2267781\/kosicke-inspektorky-soi-boli-obvinene-nepravom.html\">https:\/\/domov.sme.sk\/c\/2267781\/kosicke-inspektorky-soi-boli-obvinene-nepravom.html<\/a><\/p>\n\n\n\n<p><a href=\"https:\/\/kosice.korzar.sme.sk\/c\/4514525\/vcera-uplynulo-od-navacsej-tragedie-v-dejinach-vychodoslovenskych-zeleziarni-10-rokov.html\">https:\/\/kosice.korzar.sme.sk\/c\/4514525\/vcera-uplynulo-od-navacsej-tragedie-v-dejinach-vychodoslovenskych-zeleziarni-10-rokov.html<\/a><\/p>\n\n\n\n<p><a href=\"https:\/\/kosice.korzar.sme.sk\/c\/7324084\/ste-agentom-pytali-sa-nicholsona-na-sude-s-kosickymi-policajtmi.html\">https:\/\/kosice.korzar.sme.sk\/c\/7324084\/ste-agentom-pytali-sa-nicholsona-na-sude-s-kosickymi-policajtmi.html<\/a><\/p>\n\n\n\n<p><a href=\"https:\/\/kosice.korzar.sme.sk\/c\/4604555\/biskupovi-ktosi-hrozil-bombovymi-atentatmi.html\">https:\/\/kosice.korzar.sme.sk\/c\/4604555\/biskupovi-ktosi-hrozil-bombovymi-atentatmi.html<\/a><\/p>\n\n\n\n<p><a href=\"https:\/\/domov.sme.sk\/c\/6053273\/vysetrovatel-zacal-stihat-celu-kosicku-justiciu.html\">https:\/\/domov.sme.sk\/c\/6053273\/vysetrovatel-zacal-stihat-celu-kosicku-justiciu.html<\/a><\/p>\n\n\n\n<p><a href=\"http:\/\/korupcia.sk\/spravy-sr-media\/vysetrovatel-vydal-uznesenie-o-zacati-trestneho-stihania-pre-skutok-zneuzivania-pravomoci-verejneho-cinitela-kosice\">http:\/\/korupcia.sk\/spravy-sr-media\/vysetrovatel-vydal-uznesenie-o-zacati-trestneho-stihania-pre-skutok-zneuzivania-pravomoci-verejneho-cinitela-kosice<\/a><\/p>\n\n\n\n<p><a href=\"https:\/\/kosice.korzar.sme.sk\/c\/6976869\/odmeny-poslancov-na-kosickom-severe-smeruju-na-sud.html\">https:\/\/kosice.korzar.sme.sk\/c\/6976869\/odmeny-poslancov-na-kosickom-severe-smeruju-na-sud.html<\/a><\/p>\n\n\n\n<p><a href=\"https:\/\/www.cas.sk\/clanok\/48621\/vykonaval-arnold-v-ciernu-magiu\/\">https:\/\/www.cas.sk\/clanok\/48621\/vykonaval-arnold-v-ciernu-magiu\/<\/a><\/p>\n\n\n\n<p><a href=\"http:\/\/www.vyvlastnenie.sk\/clanok\/a\/anonym-sa-snazi-umlcat-aj-novinarku\/povodne-clanky\/\">http:\/\/www.vyvlastnenie.sk\/clanok\/a\/anonym-sa-snazi-umlcat-aj-novinarku\/povodne-clanky\/<\/a><\/p>\n\n\n\n<p><a href=\"http:\/\/www.vyvlastnenie.sk\/clanok\/a\/anonym-sa-snazi-umlcat-aj-novinarku\/povodne-clanky\/\">http:\/\/www.vyvlastnenie.sk\/clanok\/a\/anonym-sa-snazi-umlcat-aj-novinarku\/povodne-clanky\/<\/a><\/p>\n\n\n\n<p><a href=\"https:\/\/www.etrend.sk\/ekonomika\/v-kosickej-nemocnici-doslo-ku-kartelu.html\">https:\/\/www.etrend.sk\/ekonomika\/v-kosickej-nemocnici-doslo-ku-kartelu.html<\/a><\/p>\n\n\n\n<p><a href=\"https:\/\/kosice.korzar.sme.sk\/c\/6820841\/policia-pri-tendri-kosickej-nemocnice-pocuvala-hovory-a-citala-sms.html\">https:\/\/kosice.korzar.sme.sk\/c\/6820841\/policia-pri-tendri-kosickej-nemocnice-pocuvala-hovory-a-citala-sms.html<\/a><\/p>\n\n\n\n<p><a href=\"https:\/\/domov.sme.sk\/c\/7948115\/firmy-z-nemocnicneho-kartelu-vidia-nezakonne-dokazy.html\">https:\/\/domov.sme.sk\/c\/7948115\/firmy-z-nemocnicneho-kartelu-vidia-nezakonne-dokazy.html<\/a><\/p>\n\n\n\n<p><a href=\"http:\/\/kosicednes.sk\/dennik\/clanky\/tragicka-nehoda-na-alpinke-ma-podla-znaleckeho-posudku-vinnika\/\">http:\/\/kosicednes.sk\/dennik\/clanky\/tragicka-nehoda-na-alpinke-ma-podla-znaleckeho-posudku-vinnika\/<\/a><\/p>\n\n\n\n<p><a href=\"http:\/\/kosicednes.sk\/dennik\/clanky\/z-volebnej-korupcie-na-upjs-zostal-jeden-skutok\/\">http:\/\/kosicednes.sk\/dennik\/clanky\/z-volebnej-korupcie-na-upjs-zostal-jeden-skutok\/<\/a><\/p>\n","protected":false},"excerpt":{"rendered":"<p>https:\/\/www.etrend.sk\/clanky-autora\/1070-ivan-vanko.html www.epi.sk\/odborny-clanok\/Sme-pripraveni-na-kontradiktornost-konania.htm https:\/\/korzar.sme.sk\/c\/4713298\/aj-napriek-tomu-ze-su-svagrovia-maju-primator-trebula-a-prokurator-vanko-opacny-nazor.html https:\/\/kosice.korzar.sme.sk\/c\/4631620\/prokurator-vanko-nariadili-sme-vysetrovanie-pridelovania-bytov-justicnej-policii.html https:\/\/domov.sme.sk\/c\/92542\/starostovi-kosickeho-romskeho-sidliska-lunik-9-musia-umoznit-nastupit-do-uradu.html https:\/\/sport.sme.sk\/c\/657884\/manazera-futbalistov-1-fc-budu-stihat-na-slobode.html https:\/\/kosice.korzar.sme.sk\/c\/4612200\/sudca-rozhodol-o-prepusteni-jozefa-majskeho-na-slobodu.html https:\/\/kosice.korzar.sme.sk\/c\/4613054\/judr-ivan-vanko-ktory-oslavil-v-tychto-dnoch-svoje-abrahamoviny-povazuje-za-osobnu-prehru-zasahovanie-vladnej-moci-do-prace-p.html https:\/\/kosice.korzar.sme.sk\/c\/4611907\/rebel-ivan-vanko-odchadza-zo-sluzieb-prokuratury-do-advokacie.html https:\/\/kosice.korzar.sme.sk\/c\/20375091\/na-svadbu-advokata-sa-priplietol-aj-prezident.html https:\/\/korzar.sme.sk\/c\/4628468\/znami-ludia-jednoducho-na-plesy-chodit-musia.html https:\/\/kosice.korzar.sme.sk\/c\/6851082\/x-pre-advokata-vanka-su-paragrafy-konickom.html https:\/\/korzar.sme.sk\/c\/4671204\/tvrdia-ze-rozsudok-nema-oporu-v-dokazoch-povazuju-ho-za-nespravny-a-nezakonny.html https:\/\/domov.sme.sk\/c\/2267781\/kosicke-inspektorky-soi-boli-obvinene-nepravom.html https:\/\/kosice.korzar.sme.sk\/c\/4514525\/vcera-uplynulo-od-navacsej-tragedie-v-dejinach-vychodoslovenskych-zeleziarni-10-rokov.html https:\/\/kosice.korzar.sme.sk\/c\/7324084\/ste-agentom-pytali-sa-nicholsona-na-sude-s-kosickymi-policajtmi.html https:\/\/kosice.korzar.sme.sk\/c\/4604555\/biskupovi-ktosi-hrozil-bombovymi-atentatmi.html https:\/\/domov.sme.sk\/c\/6053273\/vysetrovatel-zacal-stihat-celu-kosicku-justiciu.html http:\/\/korupcia.sk\/spravy-sr-media\/vysetrovatel-vydal-uznesenie-o-zacati-trestneho-stihania-pre-skutok-zneuzivania-pravomoci-verejneho-cinitela-kosice https:\/\/kosice.korzar.sme.sk\/c\/6976869\/odmeny-poslancov-na-kosickom-severe-smeruju-na-sud.html https:\/\/www.cas.sk\/clanok\/48621\/vykonaval-arnold-v-ciernu-magiu\/ http:\/\/www.vyvlastnenie.sk\/clanok\/a\/anonym-sa-snazi-umlcat-aj-novinarku\/povodne-clanky\/ http:\/\/www.vyvlastnenie.sk\/clanok\/a\/anonym-sa-snazi-umlcat-aj-novinarku\/povodne-clanky\/ https:\/\/www.etrend.sk\/ekonomika\/v-kosickej-nemocnici-doslo-ku-kartelu.html https:\/\/kosice.korzar.sme.sk\/c\/6820841\/policia-pri-tendri-kosickej-nemocnice-pocuvala-hovory-a-citala-sms.html https:\/\/domov.sme.sk\/c\/7948115\/firmy-z-nemocnicneho-kartelu-vidia-nezakonne-dokazy.html http:\/\/kosicednes.sk\/dennik\/clanky\/tragicka-nehoda-na-alpinke-ma-podla-znaleckeho-posudku-vinnika\/ http:\/\/kosicednes.sk\/dennik\/clanky\/z-volebnej-korupcie-na-upjs-zostal-jeden-skutok\/<\/p>\n","protected":false},"author":1,"featured_media":0,"parent":0,"menu_order":0,"comment_status":"closed","ping_status":"closed","template":"template-fullwidth.php","meta":{"_monsterinsights_skip_tracking":false,"_monsterinsights_sitenote_active":false,"_monsterinsights_sitenote_note":"","_monsterinsights_sitenote_category":0,"footnotes":""},"class_list":["post-1466","page","type-page","status-publish","hentry"],"yoast_head":"<!-- This site is optimized with the Yoast SEO plugin v26.2 - https:\/\/yoast.com\/wordpress\/plugins\/seo\/ -->\n<title>M\u00c9DI\u00c1 \/ REFERENCIE - JUDr. Ivan Vanko<\/title>\n<meta name=\"robots\" content=\"index, follow, max-snippet:-1, max-image-preview:large, max-video-preview:-1\" \/>\n<link rel=\"canonical\" href=\"https:\/\/www.ak-ivkosice.sk\/index.php\/media-referencie\/\" \/>\n<meta property=\"og:locale\" content=\"sk_SK\" \/>\n<meta property=\"og:type\" content=\"article\" \/>\n<meta property=\"og:title\" content=\"M\u00c9DI\u00c1 \/ REFERENCIE - JUDr. Ivan Vanko\" \/>\n<meta property=\"og:description\" content=\"https:\/\/www.etrend.sk\/clanky-autora\/1070-ivan-vanko.html www.epi.sk\/odborny-clanok\/Sme-pripraveni-na-kontradiktornost-konania.htm https:\/\/korzar.sme.sk\/c\/4713298\/aj-napriek-tomu-ze-su-svagrovia-maju-primator-trebula-a-prokurator-vanko-opacny-nazor.html https:\/\/kosice.korzar.sme.sk\/c\/4631620\/prokurator-vanko-nariadili-sme-vysetrovanie-pridelovania-bytov-justicnej-policii.html https:\/\/domov.sme.sk\/c\/92542\/starostovi-kosickeho-romskeho-sidliska-lunik-9-musia-umoznit-nastupit-do-uradu.html https:\/\/sport.sme.sk\/c\/657884\/manazera-futbalistov-1-fc-budu-stihat-na-slobode.html https:\/\/kosice.korzar.sme.sk\/c\/4612200\/sudca-rozhodol-o-prepusteni-jozefa-majskeho-na-slobodu.html https:\/\/kosice.korzar.sme.sk\/c\/4613054\/judr-ivan-vanko-ktory-oslavil-v-tychto-dnoch-svoje-abrahamoviny-povazuje-za-osobnu-prehru-zasahovanie-vladnej-moci-do-prace-p.html https:\/\/kosice.korzar.sme.sk\/c\/4611907\/rebel-ivan-vanko-odchadza-zo-sluzieb-prokuratury-do-advokacie.html https:\/\/kosice.korzar.sme.sk\/c\/20375091\/na-svadbu-advokata-sa-priplietol-aj-prezident.html https:\/\/korzar.sme.sk\/c\/4628468\/znami-ludia-jednoducho-na-plesy-chodit-musia.html https:\/\/kosice.korzar.sme.sk\/c\/6851082\/x-pre-advokata-vanka-su-paragrafy-konickom.html https:\/\/korzar.sme.sk\/c\/4671204\/tvrdia-ze-rozsudok-nema-oporu-v-dokazoch-povazuju-ho-za-nespravny-a-nezakonny.html https:\/\/domov.sme.sk\/c\/2267781\/kosicke-inspektorky-soi-boli-obvinene-nepravom.html https:\/\/kosice.korzar.sme.sk\/c\/4514525\/vcera-uplynulo-od-navacsej-tragedie-v-dejinach-vychodoslovenskych-zeleziarni-10-rokov.html https:\/\/kosice.korzar.sme.sk\/c\/7324084\/ste-agentom-pytali-sa-nicholsona-na-sude-s-kosickymi-policajtmi.html https:\/\/kosice.korzar.sme.sk\/c\/4604555\/biskupovi-ktosi-hrozil-bombovymi-atentatmi.html https:\/\/domov.sme.sk\/c\/6053273\/vysetrovatel-zacal-stihat-celu-kosicku-justiciu.html http:\/\/korupcia.sk\/spravy-sr-media\/vysetrovatel-vydal-uznesenie-o-zacati-trestneho-stihania-pre-skutok-zneuzivania-pravomoci-verejneho-cinitela-kosice https:\/\/kosice.korzar.sme.sk\/c\/6976869\/odmeny-poslancov-na-kosickom-severe-smeruju-na-sud.html https:\/\/www.cas.sk\/clanok\/48621\/vykonaval-arnold-v-ciernu-magiu\/ http:\/\/www.vyvlastnenie.sk\/clanok\/a\/anonym-sa-snazi-umlcat-aj-novinarku\/povodne-clanky\/ http:\/\/www.vyvlastnenie.sk\/clanok\/a\/anonym-sa-snazi-umlcat-aj-novinarku\/povodne-clanky\/ https:\/\/www.etrend.sk\/ekonomika\/v-kosickej-nemocnici-doslo-ku-kartelu.html https:\/\/kosice.korzar.sme.sk\/c\/6820841\/policia-pri-tendri-kosickej-nemocnice-pocuvala-hovory-a-citala-sms.html https:\/\/domov.sme.sk\/c\/7948115\/firmy-z-nemocnicneho-kartelu-vidia-nezakonne-dokazy.html http:\/\/kosicednes.sk\/dennik\/clanky\/tragicka-nehoda-na-alpinke-ma-podla-znaleckeho-posudku-vinnika\/ http:\/\/kosicednes.sk\/dennik\/clanky\/z-volebnej-korupcie-na-upjs-zostal-jeden-skutok\/\" \/>\n<meta property=\"og:url\" content=\"https:\/\/www.ak-ivkosice.sk\/index.php\/media-referencie\/\" \/>\n<meta property=\"og:site_name\" content=\"JUDr. Ivan Vanko\" \/>\n<meta property=\"article:modified_time\" content=\"2020-12-05T12:26:48+00:00\" \/>\n<meta name=\"twitter:card\" content=\"summary_large_image\" \/>\n<meta name=\"twitter:label1\" content=\"Predpokladan\u00fd \u010das \u010d\u00edtania\" \/>\n\t<meta name=\"twitter:data1\" content=\"1 min\u00fata\" \/>\n<script type=\"application\/ld+json\" class=\"yoast-schema-graph\">{\"@context\":\"https:\/\/schema.org\",\"@graph\":[{\"@type\":\"WebPage\",\"@id\":\"https:\/\/www.ak-ivkosice.sk\/index.php\/media-referencie\/\",\"url\":\"https:\/\/www.ak-ivkosice.sk\/index.php\/media-referencie\/\",\"name\":\"M\u00c9DI\u00c1 \/ REFERENCIE - JUDr. Ivan Vanko\",\"isPartOf\":{\"@id\":\"https:\/\/www.ak-ivkosice.sk\/#website\"},\"datePublished\":\"2020-12-05T12:21:00+00:00\",\"dateModified\":\"2020-12-05T12:26:48+00:00\",\"breadcrumb\":{\"@id\":\"https:\/\/www.ak-ivkosice.sk\/index.php\/media-referencie\/#breadcrumb\"},\"inLanguage\":\"sk-SK\",\"potentialAction\":[{\"@type\":\"ReadAction\",\"target\":[\"https:\/\/www.ak-ivkosice.sk\/index.php\/media-referencie\/\"]}]},{\"@type\":\"BreadcrumbList\",\"@id\":\"https:\/\/www.ak-ivkosice.sk\/index.php\/media-referencie\/#breadcrumb\",\"itemListElement\":[{\"@type\":\"ListItem\",\"position\":1,\"name\":\"Domovsk\u00e1 str\u00e1nka\",\"item\":\"https:\/\/www.ak-ivkosice.sk\/\"},{\"@type\":\"ListItem\",\"position\":2,\"name\":\"M\u00c9DI\u00c1 \/ REFERENCIE\"}]},{\"@type\":\"WebSite\",\"@id\":\"https:\/\/www.ak-ivkosice.sk\/#website\",\"url\":\"https:\/\/www.ak-ivkosice.sk\/\",\"name\":\"JUDr. Ivan Vanko\",\"description\":\"50 YEARS OF EXPERIENCE\",\"publisher\":{\"@id\":\"https:\/\/www.ak-ivkosice.sk\/#organization\"},\"potentialAction\":[{\"@type\":\"SearchAction\",\"target\":{\"@type\":\"EntryPoint\",\"urlTemplate\":\"https:\/\/www.ak-ivkosice.sk\/?s={search_term_string}\"},\"query-input\":{\"@type\":\"PropertyValueSpecification\",\"valueRequired\":true,\"valueName\":\"search_term_string\"}}],\"inLanguage\":\"sk-SK\"},{\"@type\":\"Organization\",\"@id\":\"https:\/\/www.ak-ivkosice.sk\/#organization\",\"name\":\"JUDr. Ivan Vanko\",\"url\":\"https:\/\/www.ak-ivkosice.sk\/\",\"logo\":{\"@type\":\"ImageObject\",\"inLanguage\":\"sk-SK\",\"@id\":\"https:\/\/www.ak-ivkosice.sk\/#\/schema\/logo\/image\/\",\"url\":\"https:\/\/www.ak-ivkosice.sk\/wp-content\/uploads\/2020\/12\/cropped-imgonline-com-ua-Transparent-background-6Y2y42SQgxkAHD8-e1586862593837.png\",\"contentUrl\":\"https:\/\/www.ak-ivkosice.sk\/wp-content\/uploads\/2020\/12\/cropped-imgonline-com-ua-Transparent-background-6Y2y42SQgxkAHD8-e1586862593837.png\",\"width\":80,\"height\":82,\"caption\":\"JUDr. Ivan Vanko\"},\"image\":{\"@id\":\"https:\/\/www.ak-ivkosice.sk\/#\/schema\/logo\/image\/\"}}]}<\/script>\n<!-- \/ Yoast SEO plugin. -->","yoast_head_json":{"title":"M\u00c9DI\u00c1 \/ REFERENCIE - JUDr. Ivan Vanko","robots":{"index":"index","follow":"follow","max-snippet":"max-snippet:-1","max-image-preview":"max-image-preview:large","max-video-preview":"max-video-preview:-1"},"canonical":"https:\/\/www.ak-ivkosice.sk\/index.php\/media-referencie\/","og_locale":"sk_SK","og_type":"article","og_title":"M\u00c9DI\u00c1 \/ REFERENCIE - JUDr. Ivan Vanko","og_description":"https:\/\/www.etrend.sk\/clanky-autora\/1070-ivan-vanko.html www.epi.sk\/odborny-clanok\/Sme-pripraveni-na-kontradiktornost-konania.htm https:\/\/korzar.sme.sk\/c\/4713298\/aj-napriek-tomu-ze-su-svagrovia-maju-primator-trebula-a-prokurator-vanko-opacny-nazor.html https:\/\/kosice.korzar.sme.sk\/c\/4631620\/prokurator-vanko-nariadili-sme-vysetrovanie-pridelovania-bytov-justicnej-policii.html https:\/\/domov.sme.sk\/c\/92542\/starostovi-kosickeho-romskeho-sidliska-lunik-9-musia-umoznit-nastupit-do-uradu.html https:\/\/sport.sme.sk\/c\/657884\/manazera-futbalistov-1-fc-budu-stihat-na-slobode.html https:\/\/kosice.korzar.sme.sk\/c\/4612200\/sudca-rozhodol-o-prepusteni-jozefa-majskeho-na-slobodu.html https:\/\/kosice.korzar.sme.sk\/c\/4613054\/judr-ivan-vanko-ktory-oslavil-v-tychto-dnoch-svoje-abrahamoviny-povazuje-za-osobnu-prehru-zasahovanie-vladnej-moci-do-prace-p.html https:\/\/kosice.korzar.sme.sk\/c\/4611907\/rebel-ivan-vanko-odchadza-zo-sluzieb-prokuratury-do-advokacie.html https:\/\/kosice.korzar.sme.sk\/c\/20375091\/na-svadbu-advokata-sa-priplietol-aj-prezident.html https:\/\/korzar.sme.sk\/c\/4628468\/znami-ludia-jednoducho-na-plesy-chodit-musia.html https:\/\/kosice.korzar.sme.sk\/c\/6851082\/x-pre-advokata-vanka-su-paragrafy-konickom.html https:\/\/korzar.sme.sk\/c\/4671204\/tvrdia-ze-rozsudok-nema-oporu-v-dokazoch-povazuju-ho-za-nespravny-a-nezakonny.html https:\/\/domov.sme.sk\/c\/2267781\/kosicke-inspektorky-soi-boli-obvinene-nepravom.html https:\/\/kosice.korzar.sme.sk\/c\/4514525\/vcera-uplynulo-od-navacsej-tragedie-v-dejinach-vychodoslovenskych-zeleziarni-10-rokov.html https:\/\/kosice.korzar.sme.sk\/c\/7324084\/ste-agentom-pytali-sa-nicholsona-na-sude-s-kosickymi-policajtmi.html https:\/\/kosice.korzar.sme.sk\/c\/4604555\/biskupovi-ktosi-hrozil-bombovymi-atentatmi.html https:\/\/domov.sme.sk\/c\/6053273\/vysetrovatel-zacal-stihat-celu-kosicku-justiciu.html http:\/\/korupcia.sk\/spravy-sr-media\/vysetrovatel-vydal-uznesenie-o-zacati-trestneho-stihania-pre-skutok-zneuzivania-pravomoci-verejneho-cinitela-kosice https:\/\/kosice.korzar.sme.sk\/c\/6976869\/odmeny-poslancov-na-kosickom-severe-smeruju-na-sud.html https:\/\/www.cas.sk\/clanok\/48621\/vykonaval-arnold-v-ciernu-magiu\/ http:\/\/www.vyvlastnenie.sk\/clanok\/a\/anonym-sa-snazi-umlcat-aj-novinarku\/povodne-clanky\/ http:\/\/www.vyvlastnenie.sk\/clanok\/a\/anonym-sa-snazi-umlcat-aj-novinarku\/povodne-clanky\/ https:\/\/www.etrend.sk\/ekonomika\/v-kosickej-nemocnici-doslo-ku-kartelu.html https:\/\/kosice.korzar.sme.sk\/c\/6820841\/policia-pri-tendri-kosickej-nemocnice-pocuvala-hovory-a-citala-sms.html https:\/\/domov.sme.sk\/c\/7948115\/firmy-z-nemocnicneho-kartelu-vidia-nezakonne-dokazy.html http:\/\/kosicednes.sk\/dennik\/clanky\/tragicka-nehoda-na-alpinke-ma-podla-znaleckeho-posudku-vinnika\/ http:\/\/kosicednes.sk\/dennik\/clanky\/z-volebnej-korupcie-na-upjs-zostal-jeden-skutok\/","og_url":"https:\/\/www.ak-ivkosice.sk\/index.php\/media-referencie\/","og_site_name":"JUDr. Ivan Vanko","article_modified_time":"2020-12-05T12:26:48+00:00","twitter_card":"summary_large_image","twitter_misc":{"Predpokladan\u00fd \u010das \u010d\u00edtania":"1 min\u00fata"},"schema":{"@context":"https:\/\/schema.org","@graph":[{"@type":"WebPage","@id":"https:\/\/www.ak-ivkosice.sk\/index.php\/media-referencie\/","url":"https:\/\/www.ak-ivkosice.sk\/index.php\/media-referencie\/","name":"M\u00c9DI\u00c1 \/ REFERENCIE - JUDr. Ivan Vanko","isPartOf":{"@id":"https:\/\/www.ak-ivkosice.sk\/#website"},"datePublished":"2020-12-05T12:21:00+00:00","dateModified":"2020-12-05T12:26:48+00:00","breadcrumb":{"@id":"https:\/\/www.ak-ivkosice.sk\/index.php\/media-referencie\/#breadcrumb"},"inLanguage":"sk-SK","potentialAction":[{"@type":"ReadAction","target":["https:\/\/www.ak-ivkosice.sk\/index.php\/media-referencie\/"]}]},{"@type":"BreadcrumbList","@id":"https:\/\/www.ak-ivkosice.sk\/index.php\/media-referencie\/#breadcrumb","itemListElement":[{"@type":"ListItem","position":1,"name":"Domovsk\u00e1 str\u00e1nka","item":"https:\/\/www.ak-ivkosice.sk\/"},{"@type":"ListItem","position":2,"name":"M\u00c9DI\u00c1 \/ REFERENCIE"}]},{"@type":"WebSite","@id":"https:\/\/www.ak-ivkosice.sk\/#website","url":"https:\/\/www.ak-ivkosice.sk\/","name":"JUDr. Ivan Vanko","description":"50 YEARS OF EXPERIENCE","publisher":{"@id":"https:\/\/www.ak-ivkosice.sk\/#organization"},"potentialAction":[{"@type":"SearchAction","target":{"@type":"EntryPoint","urlTemplate":"https:\/\/www.ak-ivkosice.sk\/?s={search_term_string}"},"query-input":{"@type":"PropertyValueSpecification","valueRequired":true,"valueName":"search_term_string"}}],"inLanguage":"sk-SK"},{"@type":"Organization","@id":"https:\/\/www.ak-ivkosice.sk\/#organization","name":"JUDr. Ivan Vanko","url":"https:\/\/www.ak-ivkosice.sk\/","logo":{"@type":"ImageObject","inLanguage":"sk-SK","@id":"https:\/\/www.ak-ivkosice.sk\/#\/schema\/logo\/image\/","url":"https:\/\/www.ak-ivkosice.sk\/wp-content\/uploads\/2020\/12\/cropped-imgonline-com-ua-Transparent-background-6Y2y42SQgxkAHD8-e1586862593837.png","contentUrl":"https:\/\/www.ak-ivkosice.sk\/wp-content\/uploads\/2020\/12\/cropped-imgonline-com-ua-Transparent-background-6Y2y42SQgxkAHD8-e1586862593837.png","width":80,"height":82,"caption":"JUDr. Ivan Vanko"},"image":{"@id":"https:\/\/www.ak-ivkosice.sk\/#\/schema\/logo\/image\/"}}]}},"_links":{"self":[{"href":"https:\/\/www.ak-ivkosice.sk\/index.php\/wp-json\/wp\/v2\/pages\/1466","targetHints":{"allow":["GET"]}}],"collection":[{"href":"https:\/\/www.ak-ivkosice.sk\/index.php\/wp-json\/wp\/v2\/pages"}],"about":[{"href":"https:\/\/www.ak-ivkosice.sk\/index.php\/wp-json\/wp\/v2\/types\/page"}],"author":[{"embeddable":true,"href":"https:\/\/www.ak-ivkosice.sk\/index.php\/wp-json\/wp\/v2\/users\/1"}],"replies":[{"embeddable":true,"href":"https:\/\/www.ak-ivkosice.sk\/index.php\/wp-json\/wp\/v2\/comments?post=1466"}],"version-history":[{"count":5,"href":"https:\/\/www.ak-ivkosice.sk\/index.php\/wp-json\/wp\/v2\/pages\/1466\/revisions"}],"predecessor-version":[{"id":1473,"href":"https:\/\/www.ak-ivkosice.sk\/index.php\/wp-json\/wp\/v2\/pages\/1466\/revisions\/1473"}],"wp:attachment":[{"href":"https:\/\/www.ak-ivkosice.sk\/index.php\/wp-json\/wp\/v2\/media?parent=1466"}],"curies":[{"name":"wp","href":"https:\/\/api.w.org\/{rel}","templated":true}]}}